{"id":127,"date":"2016-10-10T14:47:55","date_gmt":"2016-10-10T14:47:55","guid":{"rendered":"http:\/\/fishing-club.ancorathemes.com\/?page_id=127"},"modified":"2025-12-10T11:14:23","modified_gmt":"2025-12-10T11:14:23","slug":"gallery-masonry","status":"publish","type":"page","link":"https:\/\/www.nybroan.se\/?page_id=127","title":{"rendered":"Vattenv\u00e5rdsarbetet i Nybro\u00e5n"},"content":{"rendered":"<p>[vc_row][vc_column][vc_raw_html]JTNDYnIlMjAlMkYlM0UlMEElM0NiciUyMCUyRiUzRSUwQSUzQ2JyJTIwJTJGJTNFJTBBJTNDYnIlMjAlMkYlM0UlMEElM0NiciUyMCUyRiUzRSUwQSUzQ2JyJTIwJTJGJTNFJTBBJTNDYnIlMjAlMkYlM0UlMEElM0NiciUyMCUyRiUzRQ==[\/vc_raw_html][vc_column_text]<\/p>\n<h3 style=\"text-align: center;\">Vattenv\u00e5rdsarbetet i Nybro\u00e5n<\/h3>\n<p>[\/vc_column_text][\/vc_column][\/vc_row][vc_row][vc_column width=&#8221;1\/2&#8243;][vc_empty_space alter_height=&#8221;medium&#8221; hide_on_mobile=&#8221;&#8221;][vc_column_text css=&#8221;.vc_custom_1765018033123{margin-bottom: 3em !important;}&#8221;]Det \u00f6vergripande m\u00e5let f\u00f6r f\u00f6r fiske- och vattenv\u00e5rdsarbetet i Nybro\u00e5n \u00e4r att vattendraget ska uppn\u00e5 god ekologisk status enligt EU:s vattendirektiv. vilket kommer att gynna b\u00e5de fiskbest\u00e5ndet samt \u00f6vrig biologisk m\u00e5ngfald kring vattendraget.<br \/>\nF\u00f6r n\u00e4rvarande \u00e4r statusen m\u00e5ttlig, fr\u00e4mst beroende p\u00e5 kraftig fysisk p\u00e5verkan av gamla d\u00e4mmen samt h\u00f6ga halter av n\u00e4rsalter fr\u00e5n jordbruk och reningsverk.<br \/>\nF\u00f6r att uppn\u00e5 god ekologisk status kr\u00e4vs omfattande insatser.<br \/>\nFr\u00e4mst handlar det om att eliminera vandringshinder och barri\u00e4rer, \u00e5terst\u00e4lla rensade och dikade bottnar i bifl\u00f6dena samt \u00e5terskapa funktionella strandzoner med tr\u00e4d och buskar l\u00e4ngs \u00e5n.[\/vc_column_text][\/vc_column][vc_column width=&#8221;1\/2&#8243;][vc_empty_space alter_height=&#8221;medium&#8221; hide_on_mobile=&#8221;&#8221;][vc_column_text css=&#8221;.vc_custom_1765018071903{margin-bottom: 3em !important;}&#8221;]L\u00e4ckage av fosfor och kv\u00e4ve m\u00e5ste minskas genom anl\u00e4ggning av v\u00e5tmarker och sv\u00e4mzoner. Exempel p\u00e5 \u00e5tg\u00e4rder som genomf\u00f6rts \u00e4r utrivning av vandringshinder, \u00e5terst\u00e4llning av rensade bottnar och \u00e5terskapande av lek-och uppv\u00e4xtmilj\u00f6er f\u00f6r fisk, kantavplaning och tr\u00e4dplantering. Insatser har utf\u00f6rts i s\u00e5v\u00e4l huvudf\u00e5ran som tillfl\u00f6den. Resultatet av arbetet f\u00f6ljs upp av vattenprovtagning, elfiske och den fiskr\u00e4kning som sker i r\u00e4knaren i K\u00f6pingebro.[\/vc_column_text][\/vc_column][\/vc_row][vc_row][vc_column][vc_masonry_media_grid grid_id=&#8221;vc_gid:1765362853027-1b06c43126323984f4f7fa660143a4ba-8&#8243; include=&#8221;1426,1425,1424&#8243;][\/vc_column][\/vc_row][vc_row][vc_column][vc_empty_space alter_height=&#8221;medium&#8221; hide_on_mobile=&#8221;&#8221;][vc_column_text css=&#8221;.vc_custom_1765018131461{margin-bottom: 3em !important;}&#8221;]Nybro\u00e5n hyser idag ett av landets st\u00f6rsta k\u00e4nda best\u00e5nd av havs\u00f6ring. Ut\u00f6ver havs\u00f6ring finns m\u00e5nga andra intressanta djurarter knutna till det str\u00f6mmande vattnet.<br \/>\nN\u00e5gra av dem kan ses p\u00e5 videosekvenserna och bilderna p\u00e5 denna sida..<br \/>\nDen fina milj\u00f6n i och kring Nybro\u00e5n skapar \u00e4ven goda betingelser f\u00f6r \u00f6vriga djur och f\u00e5glar vid \u00e5n.<br \/>\nFoto: Anders Gr\u00f6nlund[\/vc_column_text][vc_empty_space alter_height=&#8221;medium&#8221; hide_on_mobile=&#8221;&#8221;][vc_masonry_media_grid element_width=&#8221;6&#8243; grid_id=&#8221;vc_gid:1765362853056-3cfaf2650bb0717a87f3dd059fb1a128-7&#8243; include=&#8221;1436,1437,1438&#8243;][vc_wp_text]<\/p>\n<p style=\"text-align: right;\">Fotograf Anders Gr\u00f6nlund<\/p>\n<p>[\/vc_wp_text][\/vc_column][\/vc_row][vc_row][vc_column][vc_empty_space alter_height=&#8221;medium&#8221; hide_on_mobile=&#8221;&#8221;][vc_column_text css=&#8221;.vc_custom_1765018159815{margin-bottom: 3em !important;}&#8221;]<\/p>\n<h3 style=\"text-align: center;\">Dokumentering av \u00e5tg\u00e4rder<\/h3>\n<p>En viktig del i arbetet \u00e4r \u00e4ven att kontrollera \u00e5terv\u00e4xten i Nybro\u00e5ns vattensystem.<br \/>\n\u00c5rligen utf\u00f6rs elfiske d\u00e4r fr\u00e4mst \u00f6ringsmolt, stensimpa, nejon\u00f6ga, \u00e5l och elritsa bed\u00f6vas, r\u00e4knas och m\u00e4ts f\u00f6r att hela tiden f\u00e5 ett kvitto p\u00e5 att arbetet och m\u00e5ngfalden fungerar.<br \/>\nElfiske har utf\u00f6rts sedan arbetet tog sin b\u00f6rjan p\u00e5 1960-talet och genomf\u00f6rs nu mer systematiskt p\u00e5 flera referenslokaler l\u00e4ngs \u00e5n och dess tillfl\u00f6den.<br \/>\nSenare provfisken har \u00e4ven visat att \u00e5ns \u00f6ringstam, som sedan m\u00e5nga \u00e5r \u00e4r helt sj\u00e4lvreproducerande, \u00e5tertagit sitt genetiska ursprung.<br \/>\n\u00d6ring och stensimpa \u00e4r \u00e4ven viktiga v\u00e4rdfiskar f\u00f6r m\u00e5larmusslan som finns i \u00e5ns \u00f6vre system.[\/vc_column_text][vc_masonry_media_grid element_width=&#8221;6&#8243; grid_id=&#8221;vc_gid:1765362853088-73a1802748ec5717b9148a45716ebb66-3&#8243; include=&#8221;1441,1442,1443&#8243;][vc_empty_space alter_height=&#8221;medium&#8221; hide_on_mobile=&#8221;&#8221;][vc_column_text css=&#8221;.vc_custom_1672234805393{margin-bottom: 3em !important;}&#8221;]<\/p>\n<h3 style=\"text-align: center;\">YFS &#8211; Ystadsortens fiskev\u00e5rds och sportfiskef\u00f6rening<\/h3>\n<p>[\/vc_column_text][\/vc_column][\/vc_row][vc_row][vc_column width=&#8221;1\/4&#8243;][vc_single_image image=&#8221;17007&#8243; img_size=&#8221;medium&#8221; alignment=&#8221;center&#8221;][\/vc_column][vc_column width=&#8221;1\/4&#8243;][vc_single_image image=&#8221;17006&#8243; img_size=&#8221;medium&#8221; alignment=&#8221;center&#8221;][\/vc_column][vc_column width=&#8221;1\/4&#8243;][vc_single_image image=&#8221;17005&#8243; img_size=&#8221;medium&#8221; alignment=&#8221;center&#8221;][\/vc_column][vc_column width=&#8221;1\/4&#8243;][vc_single_image image=&#8221;17004&#8243; img_size=&#8221;medium&#8221; alignment=&#8221;center&#8221;][\/vc_column][\/vc_row]<\/p>\n","protected":false},"excerpt":{"rendered":"<p>[vc_row][vc_column][vc_raw_html]JTNDYnIlMjAlMkYlM0UlMEElM0NiciUyMCUyRiUzRSUwQSUzQ2JyJTIwJTJGJTNFJTBBJTNDYnIlMjAlMkYlM0UlMEElM0NiciUyMCUyRiUzRSUwQSUzQ2JyJTIwJTJGJTNFJTBBJTNDYnIlMjAlMkYlM0UlMEElM0NiciUyMCUyRiUzRQ==[\/vc_raw_html][vc_column_text] Vattenv\u00e5rdsarbetet i Nybro\u00e5n [\/vc_column_text][\/vc_column][\/vc_row][vc_row][vc_column width=&#8221;1\/2&#8243;][vc_empty_space alter_height=&#8221;medium&#8221; hide_on_mobile=&#8221;&#8221;][vc_column_text css=&#8221;.vc_custom_1765018033123{margin-bottom: 3em !important;}&#8221;]Det \u00f6vergripande m\u00e5let f\u00f6r f\u00f6r fiske- och vattenv\u00e5rdsarbetet i Nybro\u00e5n \u00e4r att vattendraget ska uppn\u00e5 god ekologisk status enligt EU:s vattendirektiv. vilket kommer att gynna b\u00e5de fiskbest\u00e5ndet samt \u00f6vrig biologisk m\u00e5ngfald kring vattendraget. F\u00f6r n\u00e4rvarande \u00e4r statusen m\u00e5ttlig, fr\u00e4mst beroende p\u00e5 kraftig fysisk p\u00e5verkan av gamla d\u00e4mmen samt h\u00f6ga halter&hellip;<\/p>\n","protected":false},"author":1,"featured_media":0,"parent":0,"menu_order":0,"comment_status":"closed","ping_status":"closed","template":"","meta":{"footnotes":""},"class_list":["post-127","page","type-page","status-publish","hentry"],"_links":{"self":[{"href":"https:\/\/www.nybroan.se\/index.php?rest_route=\/wp\/v2\/pages\/127","targetHints":{"allow":["GET"]}}],"collection":[{"href":"https:\/\/www.nybroan.se\/index.php?rest_route=\/wp\/v2\/pages"}],"about":[{"href":"https:\/\/www.nybroan.se\/index.php?rest_route=\/wp\/v2\/types\/page"}],"author":[{"embeddable":true,"href":"https:\/\/www.nybroan.se\/index.php?rest_route=\/wp\/v2\/users\/1"}],"replies":[{"embeddable":true,"href":"https:\/\/www.nybroan.se\/index.php?rest_route=%2Fwp%2Fv2%2Fcomments&post=127"}],"version-history":[{"count":27,"href":"https:\/\/www.nybroan.se\/index.php?rest_route=\/wp\/v2\/pages\/127\/revisions"}],"predecessor-version":[{"id":17009,"href":"https:\/\/www.nybroan.se\/index.php?rest_route=\/wp\/v2\/pages\/127\/revisions\/17009"}],"wp:attachment":[{"href":"https:\/\/www.nybroan.se\/index.php?rest_route=%2Fwp%2Fv2%2Fmedia&parent=127"}],"curies":[{"name":"wp","href":"https:\/\/api.w.org\/{rel}","templated":true}]}}