{"id":17013,"date":"2025-12-10T11:28:54","date_gmt":"2025-12-10T11:28:54","guid":{"rendered":"https:\/\/www.nybroan.se\/?page_id=17013"},"modified":"2025-12-15T14:35:14","modified_gmt":"2025-12-15T14:35:14","slug":"klubbstugan","status":"publish","type":"page","link":"https:\/\/www.nybroan.se\/?page_id=17013","title":{"rendered":"Klubbstugan"},"content":{"rendered":"<p>[vc_row][vc_column][vc_row_inner][vc_column_inner][vc_empty_space hide_on_mobile=&#8221;&#8221; css=&#8221;.vc_custom_1765807585533{margin-bottom: 8em !important;}&#8221;][\/vc_column_inner][\/vc_row_inner][vc_column_text css=&#8221;.vc_custom_1765808859905{margin-top: 4em !important;margin-bottom: 2em !important;}&#8221;]<\/p>\n<div class=\"left\">\n<h3><strong>Hyra av fiskestugan<\/strong><\/h3>\n<p>Stugan har utsikt \u00f6ver b\u00e5de Nybro\u00e5n och havsutsikt.<br \/>\nDen \u00e4r p\u00e5 110 kvm och har sammanlagt 8 b\u00e4ddar.<br \/>\nDet finns spis, ugn, kyl, frys, diskmaskin, microv\u00e5gsugn och kaffebryggare.<br \/>\nBadstr\u00e4nder finns ett stenkast bort och det \u00e4r g\u00e5ngavst\u00e5nd till Ystad golfklubb.<br \/>\nParkering finns bredvid stugan. St\u00e4dning sk\u00f6ter \u00a0ni sj\u00e4lv. Medtag egen ved!<br \/>\n<strong><em>Utcheckning senast kl 11.00!<\/em><\/strong><\/p>\n<p><a style=\"display: inline-flex; align-items: center; justify-content: center; background-color: #005d8f; color: white; text-decoration: none; font-weight: bold; border-radius: 8px; font-family: sans-serif; height: 35px; padding: 0 20px; margin: 10px 0 20px 0; font-size: 16px; white-space: nowrap; line-height: 1; box-sizing: border-box;\" href=\"https:\/\/nybroan.laxportalen.se\" target=\"_blank\" rel=\"noopener\"><br \/>\n<span style=\"display: block; width: 100%;\">Boka h\u00e4r \u00bb<\/span><\/a><\/p>\n<p>Ni som hyr stugan t\u00e4nk p\u00e5 att fiske <em><strong>ej \u00e4r till\u00e5tet i \u00e5n m\u00e5ndagar och tisdagar <\/strong><\/em>men sj\u00e4lvklart kan ni bo i stugan de dagarna \u00e4nd\u00e5.<br \/>\n<strong>Fiskekort till \u00e5n k\u00f6ps separat p\u00e5 kortsidan.<\/strong><\/p>\n<p>Vid fr\u00e5gor om stugan kan ni alltid maila p\u00e5 <a href=\"mailto:info@nybroan.se\">info@nybroan.se<\/a><\/p>\n<\/div>\n<p>[\/vc_column_text][\/vc_column][\/vc_row][vc_row][vc_column][\/vc_column][\/vc_row][vc_row][vc_column][vc_media_grid grid_id=&#8221;vc_gid:1765808810293-eeed5b3992c95f1f9b4a67e5fd2c0d59-1&#8243; include=&#8221;17079,17078,17076,17075,17074,17073,17072,17070,17068,17065,17064,17063,17062&#8243;][\/vc_column][\/vc_row]<\/p>\n","protected":false},"excerpt":{"rendered":"<p>[vc_row][vc_column][vc_row_inner][vc_column_inner][vc_empty_space hide_on_mobile=&#8221;&#8221; css=&#8221;.vc_custom_1765807585533{margin-bottom: 8em !important;}&#8221;][\/vc_column_inner][\/vc_row_inner][vc_column_text css=&#8221;.vc_custom_1765808859905{margin-top: 4em !important;margin-bottom: 2em !important;}&#8221;] Hyra av fiskestugan Stugan har utsikt \u00f6ver b\u00e5de Nybro\u00e5n och havsutsikt. Den \u00e4r p\u00e5 110 kvm och har sammanlagt 8 b\u00e4ddar. Det finns spis, ugn, kyl, frys, diskmaskin, microv\u00e5gsugn och kaffebryggare. Badstr\u00e4nder finns ett stenkast bort och det \u00e4r g\u00e5ngavst\u00e5nd till Ystad golfklubb. Parkering finns bredvid stugan. St\u00e4dning sk\u00f6ter \u00a0ni&hellip;<\/p>\n","protected":false},"author":990010,"featured_media":0,"parent":0,"menu_order":0,"comment_status":"closed","ping_status":"closed","template":"","meta":{"footnotes":""},"class_list":["post-17013","page","type-page","status-publish","hentry"],"_links":{"self":[{"href":"https:\/\/www.nybroan.se\/index.php?rest_route=\/wp\/v2\/pages\/17013","targetHints":{"allow":["GET"]}}],"collection":[{"href":"https:\/\/www.nybroan.se\/index.php?rest_route=\/wp\/v2\/pages"}],"about":[{"href":"https:\/\/www.nybroan.se\/index.php?rest_route=\/wp\/v2\/types\/page"}],"author":[{"embeddable":true,"href":"https:\/\/www.nybroan.se\/index.php?rest_route=\/wp\/v2\/users\/990010"}],"replies":[{"embeddable":true,"href":"https:\/\/www.nybroan.se\/index.php?rest_route=%2Fwp%2Fv2%2Fcomments&post=17013"}],"version-history":[{"count":14,"href":"https:\/\/www.nybroan.se\/index.php?rest_route=\/wp\/v2\/pages\/17013\/revisions"}],"predecessor-version":[{"id":17089,"href":"https:\/\/www.nybroan.se\/index.php?rest_route=\/wp\/v2\/pages\/17013\/revisions\/17089"}],"wp:attachment":[{"href":"https:\/\/www.nybroan.se\/index.php?rest_route=%2Fwp%2Fv2%2Fmedia&parent=17013"}],"curies":[{"name":"wp","href":"https:\/\/api.w.org\/{rel}","templated":true}]}}