{"id":17019,"date":"2025-12-10T11:44:23","date_gmt":"2025-12-10T11:44:23","guid":{"rendered":"https:\/\/www.nybroan.se\/?page_id=17019"},"modified":"2025-12-10T14:20:25","modified_gmt":"2025-12-10T14:20:25","slug":"yfs-historia","status":"publish","type":"page","link":"https:\/\/www.nybroan.se\/?page_id=17019","title":{"rendered":"YFS historia"},"content":{"rendered":"<p>[vc_row css=&#8221;.vc_custom_1765376251420{margin-top: 6em !important;padding-top: 3em !important;}&#8221;][vc_column width=&#8221;1\/2&#8243; css=&#8221;.vc_custom_1765372537842{margin-top: 2em !important;}&#8221;][vc_column_text]<\/p>\n<div class=\"left\">\n<p><b>Ystadortens Fiskev\u00e5rds- och Sportfiskeklubb <\/b>bildades den 4 april 1949.<br \/>\nNybro\u00e5n, som f\u00f6re det moderna samh\u00e4llets utbyggnad var en mycket fiskrik \u00e5, drabbades h\u00e5rt av d\u00e5tidens utsl\u00e4pp fr\u00e5n industrier och samh\u00e4lle. De sv\u00e5raste f\u00f6roreningarna kom fr\u00e5n sockerbruket i K\u00f6pingebro och Tomelilla samh\u00e4lle. Andra f\u00f6roreningsk\u00e4llor var en j\u00e4stfabrik, en st\u00e4rkelsefabrik samt jordbruk.<\/p>\n<p>D\u00e5 arbetet med Nybro\u00e5n startades, var l\u00e5nga str\u00e4ckor starkt f\u00f6rorenade och \u00e5n var i s\u00e5 d\u00e5ligt skick att ingen regelbunden reproduktion av havs\u00f6ring f\u00f6rekom. Havs\u00f6ringen var under en tjugo\u00e5rsperiod i stort sett helt utslagen i Nybro\u00e5n. Fiskev\u00e5rdsarbetet inleddes under den d\u00e5 nyvalde ordf\u00f6randen, Nils Ehnbom.<\/p>\n<p>Ett stort antal arrendekontrakt skrevs med fisker\u00e4tts\u00e4garna i Nybro\u00e5n. F\u00f6reningens medlemmar utf\u00f6rde ett enormt arbete under m\u00e5nga \u00e5r. Efter p\u00e5tryckningar fr\u00e5n Nils Ehnbom, b\u00f6rjade s\u00e5v\u00e4l K\u00f6pingebro sockerbruk, Tomelilla samh\u00e4lle och Ystads stad ocks\u00e5 st\u00f6dja arbetet med f\u00f6ljd att sockerbruket slutf\u00f6rde en utbyggnad av kulvertering 1967. Problemet med det varma och syrefattiga spillvattnet var s\u00e5lunda l\u00f6st. \u00c4ven kommunerna har deltagit med utbyggnad av spillvatten och avloppsn\u00e4tet.<\/p>\n<p>En stor \u00e5rensning utf\u00f6rdes 1973 d\u00e5 en str\u00e4cka p\u00e5 7 km av \u00e5n \u00e5tg\u00e4rdades. Efter rensningen lades \u00f6ver 700 kubikmeter sten ut f\u00f6r att skapa st\u00e5ndplatser f\u00f6r \u00f6ringen. Fram till 1988 hade f\u00f6reningen satsat ca: 900.000 kronor p\u00e5 fiskev\u00e5rdande \u00e5tg\u00e4rder.<\/p><\/div>\n<p>[\/vc_column_text][\/vc_column][vc_column width=&#8221;1\/2&#8243; css=&#8221;.vc_custom_1765372545383{margin-top: 2em !important;}&#8221;][vc_column_text]En egen kl\u00e4ckningsanl\u00e4ggning f\u00f6r havs\u00f6ring byggdes vid Munkam\u00f6llan. Efter n\u00e5got \u00e5r visade sig denna inte h\u00e5lla &#8220;m\u00e5ttet&#8221; varf\u00f6r en ny byggdes uppe i Fyledalen. Den f\u00f6rsta l\u00e5g alldeles intill \u00e5n, medan den andra l\u00e5g i ett mindre men aldrig sinande k\u00e4llfl\u00f6de till \u00e5n.<\/p>\n<p>Den senare hade en kapacitet p\u00e5 ca 250.000 st yngel per \u00e5r. Yngel och rom k\u00f6ptes \u00e4ven in fr\u00e5n Verke\u00e5n. Arbetet var l\u00e5ngt ifr\u00e5n problemfritt. Flera g\u00e5nger slogs de utsatta ynglen ut av f\u00f6roreningar, men arbetet fortsatte of\u00f6rtrutet. Under denna period sattes mer \u00e4n sex miljoner yngel ut i Nybro\u00e5n och dess bifl\u00f6den. Havs\u00f6ringen b\u00f6rjade s\u00e5 f\u00f6rsiktigt att \u00e5terv\u00e4nda f\u00f6r naturlig reproduktion i \u00e5n. Vid det tidigare avelsarbete lades det vinning om att framf\u00f6rallt odla fram den s\u00e4rskilda &#8220;Nybro\u00e5\u00f6ringen&#8221;, en havs\u00f6ringstyp med f\u00e4rre antal fl\u00e4ckar utmed sidorna.[\/vc_column_text][\/vc_column][\/vc_row][vc_row][vc_column css=&#8221;.vc_custom_1765372567911{margin-top: 3em !important;margin-bottom: 1em !important;}&#8221;][vc_column_text]<\/p>\n<h5 style=\"text-align: center;\">URVAL AV VAD SOM GJORTS UNDER \u00c5RENS LOPP<\/h5>\n<p>[\/vc_column_text][\/vc_column][\/vc_row][vc_row][vc_column width=&#8221;1\/2&#8243;][vc_column_text]Det startade 1994 med stora rensningsarbeten p\u00e5 kortfiskestr\u00e4ckan. Gr\u00e4vning, utl\u00e4ggning av st\u00e5ndstenar, s\u00e4kringar av en del kurvor och generell upprensning gjordes. F\u00f6r att h\u00e5lla denna str\u00e4cka i toppskick f\u00f6r de fiskande, l\u00e4ggs det \u00e5rligen ner m\u00e5nga hundra frivilliga arbetstimmar i underh\u00e5ll.<\/p>\n<p>\u00c5ret d\u00e4rp\u00e5 1995 \u00e5tg\u00e4rdades vandringshinder i Kullem\u00f6lla\u00e5n &#8211; en \u00e5 som rinner till uppe i Fyledalen.<br \/>\nEn 20m l\u00e5ng kulvertering avl\u00e4gsnades och ersattes med en naturlig forsstr\u00e4cka. vilket gjorde att flera kilometer lek och uppv\u00e4xtomr\u00e5den \u00e5ter blev tillg\u00e4ngliga f\u00f6r havs\u00f6ringen. Vid n\u00e4sta projekt &#8211; 1996 \u00e5tg\u00e4rdades vandringshinder vid Allevadsm\u00f6lla och Munkam\u00f6llan. Dessa \u00e5tg\u00e4rder resulterade i att havs\u00f6ringen nu kan vandra obehindrat f\u00f6rbi fallen, oavsett vattenfl\u00f6de. Detta \u00e4r en mycket viktig strategi f\u00f6r att fisken skall komma l\u00e4ngst ut till de yttersta f\u00f6rgreningarna i vattensystemet och n\u00e5 de v\u00e4rdefulla produktionsplatserna d\u00e4r.<\/p>\n<p>Efter dessa arbeten satsade f\u00f6reningen 1997 sina resurser p\u00e5 att inventera den viktiga reproduktions\u00e5n Tryde\u00e5n. Inventeringen gjordes mycket grundligt vilket resulterade i en omfattande och viktig information om \u00e5ns status.<\/p>\n<p>\u00c5rets stora projekt 1998 var \u00e5tg\u00e4rd av vandringshinder vid K\u00f6pingem\u00f6lla som var den sista stora \u201dproppen\u201d i \u00e5systemet. Den gamla laxtrappan byttes ut mot en naturligare 200m l\u00e5ng forsstr\u00e4cka s\u00e5 att fisken kunde simmande ta sig f\u00f6rbi i st\u00e4llet f\u00f6r att hoppa i fallet med sv\u00e5righeter beroende p\u00e5 vattenfl\u00f6det.<\/p>\n<p>1999 firade Y.F.S. 50-\u00e5rs jubileum och l\u00e4t tillverka ett eget klubbemblem i tyg till medlemmarna att b\u00e4ra och samtliga medlemmar som medverkat genom \u00e5ren fick sina namn ingraverade p\u00e5 silverpl\u00e5tar som sedan f\u00e4stes p\u00e5 en fisk snidad i tr\u00e4. \u00c5rets stora projekt var fiskeribiologen Robert Versas inventering av \u00d6rups\u00e5n. Alla som var med mins den stora stormen p\u00e5 h\u00f6sten som bl\u00e5ste s\u00f6nder kassodlingarna i Danmark och sl\u00e4ppte loss n\u00e4rmare 1000 ton feta regnb\u00e5gar varav \u00e5tskilliga ton steg i Nybro\u00e5n.[\/vc_column_text][\/vc_column][vc_column width=&#8221;1\/2&#8243;][vc_column_text]\u00c5r 2000 mins alla som regnb\u00e5gsfiskets \u00e5r. N\u00e4rmare 1126 st feta regnb\u00e5gar landades i Nybro\u00e5n med en vikt p\u00e5 mellan 3-7 kg. Samma \u00e5r rammades fiskevillan av h\u00f6ststormen och 60 % av taket p\u00e5 stugan fick vingar.<\/p>\n<p>\u00c5r 2001 fick Y.F.S. en ny fiskr\u00e4knare monterad uppe i Sockerbruket som resulterade i b\u00e4ttre och s\u00e4krare kontroll p\u00e5 \u00f6ringen n\u00e4r den vandrade upp fr\u00e5n havet p\u00e5 h\u00f6starna f\u00f6r sin lek.<\/p>\n<p>2002 var \u00e5ret n\u00e4r trappan i Barevad f\u00f6r\u00e4ndrades till en fiskv\u00e4g f\u00f6r \u00f6ringarna.<\/p>\n<p>2007 &#8211; \u00e5ret d\u00e5 str\u00e4ckan mellan broarna blev bemannad av f\u00e5r som hj\u00e4lpte till att sk\u00f6rda bj\u00f6rnlokan som hade rotat sig p\u00e5 omr\u00e5det. Samma \u00e5r gjorde medlemmarna en stor insats p\u00e5 sockerbrukets mark genom att r\u00f6ja upp alla stormf\u00e4llda tr\u00e4d som l\u00e5g \u00f6ver \u00e5n.<\/p>\n<p>2009 lades 60 ton lekmaterial ut vid gamla lekplatsen och upp\u00f6ver vilket senare p\u00e5 h\u00f6sten visade sig ha gjort nytta f\u00f6r den lekande \u00f6ringen.<\/p>\n<p>2010 fortsatte Y.F.S iordningst\u00e4llande av lekplatser denna g\u00e5ng uppe vid K\u00f6pingem\u00f6lla. Ett par hundra meter f\u00f6rberedes till utl\u00e4ggning av lekmaterial. 40 ton lekmaterial lades ut innan h\u00f6sten och d\u00e4rtill planterades ett tjugotal alar f\u00f6r beskuggning av omr\u00e5det.<\/p>\n<p>2011 lades ytterligare 60 ton lekmaterial ut p\u00e5 K\u00f6pingem\u00f6lla omr\u00e5det vilket \u00e5ter har gjort str\u00e4ckan brukbar f\u00f6r \u00f6ringlek. Runt 80 alar planterades p\u00e5 den nedre str\u00e4ckan av Nybro\u00e5n som med tiden kommer att beskugga \u00e5n och hindra v\u00e4xtligheten.<\/p>\n<p>\u00c5ren fram\u00f6ver kommer Y.F.S att iordningst\u00e4lla flera lekplatser och f\u00f6rb\u00e4ttra ytterligare f\u00f6r havs\u00f6ringen i Nybro\u00e5n.[\/vc_column_text][\/vc_column][\/vc_row][vc_row][vc_column][vc_column_text]<\/p>\n<h5 style=\"text-align: center;\">FISKEV\u00c5RDSFILOSOFI<\/h5>\n<p>Den nya tidens fiskev\u00e5rdst\u00e4nkande f\u00f6rgrenar sig mycket l\u00e4ngre ut i vattensystemen \u00e4n tidigare tankeg\u00e5ngar. F\u00f6r att n\u00e5 \u00e4nda fram, med sina ambitioner och str\u00e4vanden, i modern fiskev\u00e5rd kr\u00e4vs ett l\u00e5ngsiktigt och m\u00e5lmedvetet arbete. Detta \u00e4r &#8220;h\u00f6rnstenen&#8221; i v\u00e5rt t\u00e4nk d\u00e4r vi har en m\u00e5ls\u00e4ttning att med gemensamt arbete skapa r\u00e4tt och bra f\u00f6ruts\u00e4ttningar f\u00f6r fisk och fiskare.[\/vc_column_text][\/vc_column][\/vc_row]<\/p>\n","protected":false},"excerpt":{"rendered":"<p>[vc_row css=&#8221;.vc_custom_1765376251420{margin-top: 6em !important;padding-top: 3em !important;}&#8221;][vc_column width=&#8221;1\/2&#8243; css=&#8221;.vc_custom_1765372537842{margin-top: 2em !important;}&#8221;][vc_column_text] Ystadortens Fiskev\u00e5rds- och Sportfiskeklubb bildades den 4 april 1949. Nybro\u00e5n, som f\u00f6re det moderna samh\u00e4llets utbyggnad var en mycket fiskrik \u00e5, drabbades h\u00e5rt av d\u00e5tidens utsl\u00e4pp fr\u00e5n industrier och samh\u00e4lle. De sv\u00e5raste f\u00f6roreningarna kom fr\u00e5n sockerbruket i K\u00f6pingebro och Tomelilla samh\u00e4lle. Andra f\u00f6roreningsk\u00e4llor var en j\u00e4stfabrik, en st\u00e4rkelsefabrik samt jordbruk.&hellip;<\/p>\n","protected":false},"author":990010,"featured_media":0,"parent":0,"menu_order":0,"comment_status":"closed","ping_status":"closed","template":"","meta":{"footnotes":""},"class_list":["post-17019","page","type-page","status-publish","hentry"],"_links":{"self":[{"href":"https:\/\/www.nybroan.se\/index.php?rest_route=\/wp\/v2\/pages\/17019","targetHints":{"allow":["GET"]}}],"collection":[{"href":"https:\/\/www.nybroan.se\/index.php?rest_route=\/wp\/v2\/pages"}],"about":[{"href":"https:\/\/www.nybroan.se\/index.php?rest_route=\/wp\/v2\/types\/page"}],"author":[{"embeddable":true,"href":"https:\/\/www.nybroan.se\/index.php?rest_route=\/wp\/v2\/users\/990010"}],"replies":[{"embeddable":true,"href":"https:\/\/www.nybroan.se\/index.php?rest_route=%2Fwp%2Fv2%2Fcomments&post=17019"}],"version-history":[{"count":23,"href":"https:\/\/www.nybroan.se\/index.php?rest_route=\/wp\/v2\/pages\/17019\/revisions"}],"predecessor-version":[{"id":17059,"href":"https:\/\/www.nybroan.se\/index.php?rest_route=\/wp\/v2\/pages\/17019\/revisions\/17059"}],"wp:attachment":[{"href":"https:\/\/www.nybroan.se\/index.php?rest_route=%2Fwp%2Fv2%2Fmedia&parent=17019"}],"curies":[{"name":"wp","href":"https:\/\/api.w.org\/{rel}","templated":true}]}}