{"id":17041,"date":"2025-12-10T13:33:09","date_gmt":"2025-12-10T13:33:09","guid":{"rendered":"https:\/\/www.nybroan.se\/?page_id=17041"},"modified":"2025-12-10T14:03:13","modified_gmt":"2025-12-10T14:03:13","slug":"fiskeregler","status":"publish","type":"page","link":"https:\/\/www.nybroan.se\/?page_id=17041","title":{"rendered":"Fiskeregler"},"content":{"rendered":"<p>[vc_row css=&#8221;.vc_custom_1765373769407{margin-top: 6em !important;padding-top: 3em !important;}&#8221;][vc_column][vc_column_text css=&#8221;.vc_custom_1765373794892{margin-top: 2em !important;}&#8221;]<\/p>\n<h3 style=\"text-align: center;\">FISKEREGLER<\/h3>\n<p>[\/vc_column_text][\/vc_column][\/vc_row][vc_row][vc_column css=&#8221;.vc_custom_1765373814255{margin-top: 4em !important;}&#8221;][vc_column_text]Fiske \u00e4r till\u00e5tet fr\u00e5n Nybro\u00e5ns mynning upp till dubbelbroarna nedstr\u00f6ms Barevad. Fiske f\u00e5r ske fr\u00e5n f\u00f6ljande sidor av \u00e5n.<\/p>\n<ul>\n<li>Fr\u00e5n mynningen i havet till landsv\u00e4gsbron vid Nybrostrand sker fiske fr\u00e5n v\u00e4stra sidan (h\u00f6ger strand, sett i str\u00f6mmens riktning).<\/li>\n<li>Fr\u00e5n landsv\u00e4gsbron vid Nybrostrand till dubbelbroarna nedstr\u00f6ms Barevad sker fiske fr\u00e5n \u00f6stra sidan (v\u00e4nster strand).<\/li>\n<\/ul>\n<p>Under tiden 1 januari till 31 maj samt 15 augusti till 15 september \u00e4r det endast till\u00e5tet att fiska med fluga eller spinn p\u00e5 str\u00e4ckan mellan havet och dubbelbroarna nedstr\u00f6ms Barevad. Under perioden 1 juni till 14 augusti g\u00e4ller sommarfiske p\u00e5 str\u00e4ckan fr\u00e5n havet upp till Pumpstationen (vid \u00f6arna) &#8211; d\u00e5 \u00e4r \u00e4ven mete till\u00e5tet.<\/p>\n<ul>\n<li>H\u00f6gst tv\u00e5 \u00f6ringar f\u00e5r beh\u00e5llas per fiskare och dag och minimim\u00e5tt f\u00f6r \u00f6ring \u00e4r 50 cm.<\/li>\n<li>Rotationsfiske ska normalt till\u00e4mpas med minst 10 meters avst\u00e5nd mellan fiskande &#8211; om ej annat \u00f6verenskommits.<\/li>\n<li>Vadning vid fiske \u00e4r inte till\u00e5tet i \u00e5f\u00e5ran nedstr\u00f6ms Barevad och huggkrok f\u00e5r ej anv\u00e4ndas.<\/li>\n<li>F\u00e5ngstjournal ska f\u00f6ras. <a href=\"https:\/\/nybroan.laxportalen.se\/lamna-fangstrapport\/\" target=\"_blank\" rel=\"noopener\">Rapportera f\u00e5ngst<\/a><\/li>\n<\/ul>\n<h5>Rekommendationer<\/h5>\n<p>Fisk i d\u00e5lig kondition b\u00f6r \u00e5teruts\u00e4ttas. Undvik om m\u00f6jligt att ta upp fisk ur vattnet vid \u00e5teruts\u00e4ttning och fukta h\u00e4nderna f\u00f6re kontakt med fisken! Mindre g\u00e4ddor b\u00f6r ej \u00e5teruts\u00e4ttas.<\/p>\n<p>Det rekommenderas att fiska hullingl\u00f6st om man har f\u00f6r avsikt att s\u00e4tta tillbaka fisken. Ta ej upp fisk p\u00e5 land eller ovanf\u00f6r vattnet vid \u00e5ters\u00e4ttning &#8211; kroka av i vattnet.<br \/>\nDet rekommenderas \u00e4ven att man har h\u00e5v om man har f\u00f6r avsikt att \u00e5ters\u00e4tta sin f\u00e5ngst.[\/vc_column_text][\/vc_column][\/vc_row]<\/p>\n","protected":false},"excerpt":{"rendered":"<p>[vc_row css=&#8221;.vc_custom_1765373769407{margin-top: 6em !important;padding-top: 3em !important;}&#8221;][vc_column][vc_column_text css=&#8221;.vc_custom_1765373794892{margin-top: 2em !important;}&#8221;] FISKEREGLER [\/vc_column_text][\/vc_column][\/vc_row][vc_row][vc_column css=&#8221;.vc_custom_1765373814255{margin-top: 4em !important;}&#8221;][vc_column_text]Fiske \u00e4r till\u00e5tet fr\u00e5n Nybro\u00e5ns mynning upp till dubbelbroarna nedstr\u00f6ms Barevad. Fiske f\u00e5r ske fr\u00e5n f\u00f6ljande sidor av \u00e5n. Fr\u00e5n mynningen i havet till landsv\u00e4gsbron vid Nybrostrand sker fiske fr\u00e5n v\u00e4stra sidan (h\u00f6ger strand, sett i str\u00f6mmens riktning). Fr\u00e5n landsv\u00e4gsbron vid Nybrostrand till dubbelbroarna nedstr\u00f6ms Barevad sker&hellip;<\/p>\n","protected":false},"author":990010,"featured_media":0,"parent":0,"menu_order":0,"comment_status":"closed","ping_status":"closed","template":"","meta":{"footnotes":""},"class_list":["post-17041","page","type-page","status-publish","hentry"],"_links":{"self":[{"href":"https:\/\/www.nybroan.se\/index.php?rest_route=\/wp\/v2\/pages\/17041","targetHints":{"allow":["GET"]}}],"collection":[{"href":"https:\/\/www.nybroan.se\/index.php?rest_route=\/wp\/v2\/pages"}],"about":[{"href":"https:\/\/www.nybroan.se\/index.php?rest_route=\/wp\/v2\/types\/page"}],"author":[{"embeddable":true,"href":"https:\/\/www.nybroan.se\/index.php?rest_route=\/wp\/v2\/users\/990010"}],"replies":[{"embeddable":true,"href":"https:\/\/www.nybroan.se\/index.php?rest_route=%2Fwp%2Fv2%2Fcomments&post=17041"}],"version-history":[{"count":10,"href":"https:\/\/www.nybroan.se\/index.php?rest_route=\/wp\/v2\/pages\/17041\/revisions"}],"predecessor-version":[{"id":17055,"href":"https:\/\/www.nybroan.se\/index.php?rest_route=\/wp\/v2\/pages\/17041\/revisions\/17055"}],"wp:attachment":[{"href":"https:\/\/www.nybroan.se\/index.php?rest_route=%2Fwp%2Fv2%2Fmedia&parent=17041"}],"curies":[{"name":"wp","href":"https:\/\/api.w.org\/{rel}","templated":true}]}}