{"id":1916,"date":"2023-04-27T18:00:52","date_gmt":"2023-04-27T18:00:52","guid":{"rendered":"https:\/\/www.nybroan.se\/?page_id=1916"},"modified":"2025-12-07T12:27:01","modified_gmt":"2025-12-07T12:27:01","slug":"gallery-masonry-2-2-2","status":"publish","type":"page","link":"https:\/\/www.nybroan.se\/?page_id=1916","title":{"rendered":"Medlemskap i YFS"},"content":{"rendered":"<p>[vc_row][vc_column][vc_separator][vc_empty_space height=&#8221;64px&#8221; alter_height=&#8221;medium&#8221; hide_on_mobile=&#8221;&#8221;][vc_column_text]<\/p>\n<h3 style=\"text-align: center;\">ANS\u00d6KAN OM MEDLEMSKAP \u00c4R F\u00d6R N\u00c4RVARANDE ST\u00c4NGD.<\/h3>\n<p>[\/vc_column_text][vc_empty_space height=&#8221;64px&#8221; alter_height=&#8221;medium&#8221; hide_on_mobile=&#8221;&#8221;][vc_column_text css=&#8221;.vc_custom_1765110415523{margin-bottom: 3em !important;}&#8221;]YFS \u00e4r en levande fiskev\u00e5rds och sportfiskef\u00f6rening som regelbundet under \u00e5ret arbetar med fiskev\u00e5rd, sportfiskar tillsammans och hittar p\u00e5 andra roligheter.<\/p>\n<p>YFS grundsyfte \u00e4r att f\u00f6rvalta \u00f6ringen i Nybro\u00e5n. Det betyder att alla som \u00e4r medlemmar i YFS ocks\u00e5 arbetar med fiskev\u00e5rd flera g\u00e5nger per \u00e5r inom f\u00f6reningen &#8211; detta \u00e4r allts\u00e5 ett krav. Vi vill vara tydliga med att vi INTE prim\u00e4rt \u00e4r en Sportfiskef\u00f6rening d\u00e4r man kan bara vara med f\u00f6r att f\u00e5 fiska i Nybro\u00e5n.<img loading=\"lazy\" decoding=\"async\" class=\"alignright wp-image-1922 size-medium\" style=\"vertical-align: middle; margin: 15px;\" src=\"http:\/\/www.nybroan.se\/wp-content\/uploads\/2023\/04\/22-300x225.jpg\" alt=\"\" width=\"300\" height=\"225\" srcset=\"https:\/\/www.nybroan.se\/wp-content\/uploads\/2023\/04\/22-300x225.jpg 300w, https:\/\/www.nybroan.se\/wp-content\/uploads\/2023\/04\/22-1024x768.jpg 1024w, https:\/\/www.nybroan.se\/wp-content\/uploads\/2023\/04\/22-768x576.jpg 768w, https:\/\/www.nybroan.se\/wp-content\/uploads\/2023\/04\/22-1536x1152.jpg 1536w, https:\/\/www.nybroan.se\/wp-content\/uploads\/2023\/04\/22-2048x1536.jpg 2048w, https:\/\/www.nybroan.se\/wp-content\/uploads\/2023\/04\/22-370x277.jpg 370w, https:\/\/www.nybroan.se\/wp-content\/uploads\/2023\/04\/22-770x577.jpg 770w\" sizes=\"auto, (max-width: 300px) 100vw, 300px\" \/><br \/>\nD\u00e4rf\u00f6r st\u00e4ller vi ocks\u00e5 ett antal krav p\u00e5 medlemmarna som \u00e4ven g\u00e4ller provmedlemmar.<\/p>\n<ul>\n<li><strong>Ha ett genuint intresse av fiskev\u00e5rd<\/strong><\/li>\n<\/ul>\n<p>Detta \u00e4r grunden i medlemskapet. En medlem ska vara intresserad av fiskev\u00e5rd. Varje \u00e5r \u00e4r det flera obligatoriska arbetstillf\u00e4llen d\u00e4r vi arbetar med \u00e5n. Har man inte intresset s\u00e5 kommer det inte fungera i l\u00e4ngden. Vi ser g\u00e4rna att man arbetat med fiskev\u00e5rdsaktiviteter tidigare.<\/p>\n<ul>\n<li><strong>Arbetsf\u00f6r<\/strong><\/li>\n<\/ul>\n<p>Mycket av arbetet med \u00e5n \u00e4r fysiskt. Ofta st\u00e5r man i vadare i vattnet, lyfter sten, liar vegetation eller planterar tr\u00e4d.<br \/>\nVi diskriminerar inte men samtidigt vill vi inte hymla med att majoriteten av arbetet \u00e4r fysiskt.<\/p>\n<ul>\n<li><strong>Tillg\u00e4nglig<\/strong><\/li>\n<\/ul>\n<p>Vi har flera arbetsdagar per \u00e5r och ofta m\u00e5ste vi rycka ut f\u00f6r att fixa akuta saker som inte kan v\u00e4nta till arbetsdagarna. Vi utf\u00f6r fisketillsyn och vi vill g\u00e4rna att medlemmarna umg\u00e5s regelbundet l\u00e4ngs \u00e5n. Det g\u00e5r tyv\u00e4rr inte att dyka upp en g\u00e5ng per \u00e5r n\u00e4r det passar en. D\u00e5 klarar f\u00f6reningen inte att ta hand om \u00e5n p\u00e5 det s\u00e4tt som kr\u00e4vs. Vi har genom \u00e5ren l\u00e4rt oss att denna tillg\u00e4nglighet korrelerar v\u00e4l med hur n\u00e4ra man bor \u00e5n, d\u00e4rf\u00f6r ser vi g\u00e4rna att provmedlemmar bor i Ystads kommun eller i n\u00e4rheten.<img loading=\"lazy\" decoding=\"async\" class=\"alignright wp-image-1921 size-medium\" style=\"vertical-align: middle; margin: 15px;\" src=\"http:\/\/www.nybroan.se\/wp-content\/uploads\/2023\/04\/4-240x300.jpg\" alt=\"\" width=\"240\" height=\"300\" srcset=\"https:\/\/www.nybroan.se\/wp-content\/uploads\/2023\/04\/4-240x300.jpg 240w, https:\/\/www.nybroan.se\/wp-content\/uploads\/2023\/04\/4-819x1024.jpg 819w, https:\/\/www.nybroan.se\/wp-content\/uploads\/2023\/04\/4-768x960.jpg 768w, https:\/\/www.nybroan.se\/wp-content\/uploads\/2023\/04\/4-370x463.jpg 370w, https:\/\/www.nybroan.se\/wp-content\/uploads\/2023\/04\/4-770x963.jpg 770w, https:\/\/www.nybroan.se\/wp-content\/uploads\/2023\/04\/4.jpg 1080w\" sizes=\"auto, (max-width: 240px) 100vw, 240px\" \/><\/p>\n<ul>\n<li><strong>Proaktiv<\/strong><\/li>\n<\/ul>\n<p>YFS \u00e4r en ideell f\u00f6rening med en aktiv styrelse och Riverkeepers som l\u00e4gger upp arbetet. Med det sagt s\u00e5 beh\u00f6ver f\u00f6reningen folk som vill p\u00e5verka och driva saker. Vi har inga betalda chefer som driver p\u00e5, det f\u00e5r vi g\u00f6ra sj\u00e4lva. D\u00e4rf\u00f6r ser vi g\u00e4rna provmedlemmar som inte \u00e4r r\u00e4dda f\u00f6r att komma med id\u00e9er och ta ansvar f\u00f6r att driva dem.<\/p>\n<p>Ovan fyra kriterier bildar v\u00e5r kravspecifikation f\u00f6r provmedlemmar.<\/p>\n<p>N\u00e4r kan man bli medlem i YFS?<br \/>\nYFS har inte l\u00f6pande intagning av provmedlemmar. Anledningen till detta \u00e4r att varje provmedlem f\u00e5r en mentor som hj\u00e4lper dem under prov\u00e5ret och vi har inte o\u00e4ndligt med mentorer. Provmedlem \u00e4r man under ett \u00e5r och under den tiden utv\u00e4rderar man hur det g\u00e5r och om det fungerar. F\u00f6r att h\u00e5lla processen med provmedlemmar hanterbar s\u00e5 l\u00f6per provperioden under ett kalender\u00e5r. Det medf\u00f6r att f\u00f6reningen annonserar p\u00e5 sin hemsida och i sociala medier p\u00e5 h\u00f6sten n\u00e4r det g\u00e5r att skicka in en f\u00f6rfr\u00e5gan om att bli provmedlem.<br \/>\nStyrelsen tar beslut runt \u00e5rsskiftet om man f\u00e5r bli provmedlem, d\u00e4refter b\u00f6rjar ens pr\u00f6vo\u00e5r. <u>Med andra ord kan man inte ans\u00f6ka om att bli medlem om det inte finns en annons ute.<\/u><\/p>\n<p>F\u00f6r medlemsfr\u00e5gor kontakta <a href=\"mailto:christian@nybroan.se\" target=\"_blank\" rel=\"noopener\">christian@nybroan.se<\/a>[\/vc_column_text][vc_empty_space alter_height=&#8221;medium&#8221; hide_on_mobile=&#8221;&#8221;][\/vc_column][\/vc_row][vc_row][vc_column][\/vc_column][\/vc_row][vc_row][vc_column][\/vc_column][\/vc_row][vc_row][vc_column][\/vc_column][\/vc_row][vc_row][vc_column][\/vc_column][\/vc_row]<\/p>\n","protected":false},"excerpt":{"rendered":"<p>[vc_row][vc_column][vc_separator][vc_empty_space height=&#8221;64px&#8221; alter_height=&#8221;medium&#8221; hide_on_mobile=&#8221;&#8221;][vc_column_text] ANS\u00d6KAN OM MEDLEMSKAP \u00c4R F\u00d6R N\u00c4RVARANDE ST\u00c4NGD. [\/vc_column_text][vc_empty_space height=&#8221;64px&#8221; alter_height=&#8221;medium&#8221; hide_on_mobile=&#8221;&#8221;][vc_column_text css=&#8221;.vc_custom_1765110415523{margin-bottom: 3em !important;}&#8221;]YFS \u00e4r en levande fiskev\u00e5rds och sportfiskef\u00f6rening som regelbundet under \u00e5ret arbetar med fiskev\u00e5rd, sportfiskar tillsammans och hittar p\u00e5 andra roligheter. YFS grundsyfte \u00e4r att f\u00f6rvalta \u00f6ringen i Nybro\u00e5n. Det betyder att alla som \u00e4r medlemmar i YFS ocks\u00e5 arbetar med fiskev\u00e5rd flera&hellip;<\/p>\n","protected":false},"author":1,"featured_media":0,"parent":0,"menu_order":0,"comment_status":"closed","ping_status":"closed","template":"","meta":{"footnotes":""},"class_list":["post-1916","page","type-page","status-publish","hentry"],"_links":{"self":[{"href":"https:\/\/www.nybroan.se\/index.php?rest_route=\/wp\/v2\/pages\/1916","targetHints":{"allow":["GET"]}}],"collection":[{"href":"https:\/\/www.nybroan.se\/index.php?rest_route=\/wp\/v2\/pages"}],"about":[{"href":"https:\/\/www.nybroan.se\/index.php?rest_route=\/wp\/v2\/types\/page"}],"author":[{"embeddable":true,"href":"https:\/\/www.nybroan.se\/index.php?rest_route=\/wp\/v2\/users\/1"}],"replies":[{"embeddable":true,"href":"https:\/\/www.nybroan.se\/index.php?rest_route=%2Fwp%2Fv2%2Fcomments&post=1916"}],"version-history":[{"count":27,"href":"https:\/\/www.nybroan.se\/index.php?rest_route=\/wp\/v2\/pages\/1916\/revisions"}],"predecessor-version":[{"id":16992,"href":"https:\/\/www.nybroan.se\/index.php?rest_route=\/wp\/v2\/pages\/1916\/revisions\/16992"}],"wp:attachment":[{"href":"https:\/\/www.nybroan.se\/index.php?rest_route=%2Fwp%2Fv2%2Fmedia&parent=1916"}],"curies":[{"name":"wp","href":"https:\/\/api.w.org\/{rel}","templated":true}]}}