{"id":332,"date":"2016-10-12T10:43:36","date_gmt":"2016-10-12T10:43:36","guid":{"rendered":"http:\/\/fishing-club.ancorathemes.com\/?page_id=332"},"modified":"2026-03-05T13:54:06","modified_gmt":"2026-03-05T13:54:06","slug":"homepage-1","status":"publish","type":"page","link":"https:\/\/www.nybroan.se\/","title":{"rendered":"Homepage 1"},"content":{"rendered":"<p>[vc_row][vc_column]\n\t\t\t<!-- START homeslider1 REVOLUTION SLIDER 6.6.15 --><p class=\"rs-p-wp-fix\"><\/p>\n\t\t\t<rs-module-wrap id=\"rev_slider_1_1_wrapper\" data-source=\"gallery\" style=\"visibility:hidden;background:transparent;padding:0;\">\n\t\t\t\t<rs-module id=\"rev_slider_1_1\" style=\"\" data-version=\"6.6.15\">\n\t\t\t\t\t<rs-slides style=\"overflow: hidden; position: absolute;\">\n\t\t\t\t\t\t<rs-slide style=\"position: absolute;\" data-key=\"rs-1\" data-title=\"Slide\" data-thumb=\"\/\/www.nybroan.se\/wp-content\/uploads\/2025\/12\/Nybroans_mynning_2014_mod-100x50.jpg\" data-anim=\"adpr:false;ms:600;\" data-in=\"o:0;\" data-out=\"a:false;\">\n\t\t\t\t\t\t\t<img decoding=\"async\" src=\"\/\/www.nybroan.se\/wp-content\/plugins\/revslider\/public\/assets\/assets\/dummy.png\" alt=\"\" title=\"Nybroans_mynning_2014_mod\" width=\"2048\" height=\"993\" class=\"rev-slidebg tp-rs-img rs-lazyload\" data-lazyload=\"\/\/www.nybroan.se\/wp-content\/uploads\/2025\/12\/Nybroans_mynning_2014_mod.jpg\" data-panzoom=\"d:10000;ss:100;se:110;\" data-no-retina>\n<!--\n\t\t\t\t\t\t\t--><rs-layer\n\t\t\t\t\t\t\t\tid=\"slider-1-slide-1-layer-1\" \n\t\t\t\t\t\t\t\tclass=\"main-title\"\n\t\t\t\t\t\t\t\tdata-type=\"text\"\n\t\t\t\t\t\t\t\tdata-color=\"rgba(255, 255, 255, 1)\"\n\t\t\t\t\t\t\t\tdata-rsp_ch=\"on\"\n\t\t\t\t\t\t\t\tdata-xy=\"x:c;y:m;yo:-16px,-16px,-15px,-70px;\"\n\t\t\t\t\t\t\t\tdata-text=\"s:142,142,100,60;l:182,182,135,80;a:center;\"\n\t\t\t\t\t\t\t\tdata-dim=\"w:100%;\"\n\t\t\t\t\t\t\t\tdata-frame_0=\"y:100%;\"\n\t\t\t\t\t\t\t\tdata-frame_0_mask=\"u:t;y:100%;\"\n\t\t\t\t\t\t\t\tdata-frame_1=\"e:power2.inOut;st:500;sp:1000;sR:500;\"\n\t\t\t\t\t\t\t\tdata-frame_1_mask=\"u:t;\"\n\t\t\t\t\t\t\t\tdata-frame_999=\"o:0;e:nothing;st:w;sR:7500;\"\n\t\t\t\t\t\t\t\tstyle=\"z-index:5;font-family:'Great Vibes';\"\n\t\t\t\t\t\t\t>Nybro\u00e5n \n\t\t\t\t\t\t\t<\/rs-layer><!--\n\n\t\t\t\t\t\t\t--><rs-layer\n\t\t\t\t\t\t\t\tid=\"slider-1-slide-1-layer-2\" \n\t\t\t\t\t\t\t\tclass=\"subtitle\"\n\t\t\t\t\t\t\t\tdata-type=\"text\"\n\t\t\t\t\t\t\t\tdata-color=\"rgba(255, 255, 255, 1)\"\n\t\t\t\t\t\t\t\tdata-rsp_ch=\"on\"\n\t\t\t\t\t\t\t\tdata-xy=\"x:c;y:m;yo:94px,94px,94px,0;\"\n\t\t\t\t\t\t\t\tdata-text=\"s:22;l:22;a:center;\"\n\t\t\t\t\t\t\t\tdata-dim=\"w:555;h:50;\"\n\t\t\t\t\t\t\t\tdata-frame_0=\"y:100%;\"\n\t\t\t\t\t\t\t\tdata-frame_0_mask=\"u:t;y:100%;\"\n\t\t\t\t\t\t\t\tdata-frame_1=\"e:power2.inOut;st:800;sp:1000;sR:800;\"\n\t\t\t\t\t\t\t\tdata-frame_1_mask=\"u:t;\"\n\t\t\t\t\t\t\t\tdata-frame_999=\"o:0;e:nothing;st:w;sR:7200;\"\n\t\t\t\t\t\t\t\tstyle=\"z-index:9;font-family:'Oswald';text-transform:uppercase;\"\n\t\t\t\t\t\t\t>Havs\u00f6ringsreproducerande \u00e5 som <br>mynnar ut strax \u00f6ster om Ystad \n\t\t\t\t\t\t\t<\/rs-layer><!--\n-->\t\t\t\t\t\t<\/rs-slide>\n\t\t\t\t\t\t<rs-slide style=\"position: absolute;\" data-key=\"rs-2\" data-title=\"Slide\" data-thumb=\"\/\/www.nybroan.se\/wp-content\/uploads\/2022\/06\/Nybroans_utlopp-100x50.jpg\" data-anim=\"adpr:false;ms:600;\" data-in=\"o:0;\" data-out=\"a:false;\">\n\t\t\t\t\t\t\t<img decoding=\"async\" src=\"\/\/www.nybroan.se\/wp-content\/plugins\/revslider\/public\/assets\/assets\/dummy.png\" alt=\"\" title=\"Nybro\u00e5ns_utlopp\" width=\"1280\" height=\"854\" class=\"rev-slidebg tp-rs-img rs-lazyload\" data-lazyload=\"\/\/www.nybroan.se\/wp-content\/uploads\/2022\/06\/Nybroans_utlopp.jpg\" data-panzoom=\"d:10000;ss:110;se:100;\" data-no-retina>\n<!--\n\t\t\t\t\t\t\t--><rs-layer\n\t\t\t\t\t\t\t\tid=\"slider-1-slide-2-layer-1\" \n\t\t\t\t\t\t\t\tclass=\"main-title\"\n\t\t\t\t\t\t\t\tdata-type=\"text\"\n\t\t\t\t\t\t\t\tdata-color=\"rgba(255, 255, 255, 1)\"\n\t\t\t\t\t\t\t\tdata-rsp_ch=\"on\"\n\t\t\t\t\t\t\t\tdata-xy=\"x:c;y:m;yo:-16px,-16px,-16px,-70px;\"\n\t\t\t\t\t\t\t\tdata-text=\"s:142,130,100,60;l:182,150,135,80;a:center;\"\n\t\t\t\t\t\t\t\tdata-dim=\"w:100%;\"\n\t\t\t\t\t\t\t\tdata-frame_0=\"y:100%;\"\n\t\t\t\t\t\t\t\tdata-frame_0_mask=\"u:t;y:100%;\"\n\t\t\t\t\t\t\t\tdata-frame_1=\"e:power2.inOut;st:500;sp:1000;sR:500;\"\n\t\t\t\t\t\t\t\tdata-frame_1_mask=\"u:t;\"\n\t\t\t\t\t\t\t\tdata-frame_999=\"o:0;e:nothing;st:w;sR:7500;\"\n\t\t\t\t\t\t\t\tstyle=\"z-index:5;font-family:'Great Vibes';\"\n\t\t\t\t\t\t\t>Nybro\u00e5n \n\t\t\t\t\t\t\t<\/rs-layer><!--\n\n\t\t\t\t\t\t\t--><rs-layer\n\t\t\t\t\t\t\t\tid=\"slider-1-slide-2-layer-2\" \n\t\t\t\t\t\t\t\tclass=\"subtitle\"\n\t\t\t\t\t\t\t\tdata-type=\"text\"\n\t\t\t\t\t\t\t\tdata-color=\"rgba(255, 255, 255, 1)\"\n\t\t\t\t\t\t\t\tdata-rsp_ch=\"on\"\n\t\t\t\t\t\t\t\tdata-xy=\"x:c;y:m;yo:94px,94px,94px,0;\"\n\t\t\t\t\t\t\t\tdata-text=\"s:22;l:22;a:center;\"\n\t\t\t\t\t\t\t\tdata-frame_0=\"y:100%;\"\n\t\t\t\t\t\t\t\tdata-frame_0_mask=\"u:t;y:100%;\"\n\t\t\t\t\t\t\t\tdata-frame_1=\"e:power2.inOut;st:800;sp:1000;sR:800;\"\n\t\t\t\t\t\t\t\tdata-frame_1_mask=\"u:t;\"\n\t\t\t\t\t\t\t\tdata-frame_999=\"o:0;e:nothing;st:w;sR:7200;\"\n\t\t\t\t\t\t\t\tstyle=\"z-index:6;font-family:'Oswald';text-transform:uppercase;\"\n\t\t\t\t\t\t\t>Havs\u00f6ringsreproducerande \u00e5 som <br>mynnar ut strax \u00f6ster om Ystad \n\t\t\t\t\t\t\t<\/rs-layer><!--\n-->\t\t\t\t\t\t<\/rs-slide>\n\t\t\t\t\t<\/rs-slides>\n\t\t\t\t<\/rs-module>\n\t\t\t\t<script>\n\t\t\t\t\tsetREVStartSize({c: 'rev_slider_1_1',rl:[1240,1024,778,480],el:[752,768,960,720],gw:[1920,1024,778,480],gh:[752,768,960,720],type:'standard',justify:'',layout:'fullscreen',offsetContainer:'',offset:'',mh:\"0\"});if (window.RS_MODULES!==undefined && window.RS_MODULES.modules!==undefined && window.RS_MODULES.modules[\"revslider11\"]!==undefined) {window.RS_MODULES.modules[\"revslider11\"].once = false;window.revapi1 = undefined;if (window.RS_MODULES.checkMinimal!==undefined) window.RS_MODULES.checkMinimal()}\n\t\t\t\t<\/script>\n\t\t\t<\/rs-module-wrap>\n\t\t\t<!-- END REVOLUTION SLIDER -->\n[vc_row_inner][vc_column_inner][vc_column_text css=&#8221;.vc_custom_1767444110256{margin-top: 4em !important;margin-bottom: 2em !important;}&#8221;]<\/p>\n<h5 style=\"text-align: center;\">Premi\u00e4rfiske f\u00f6r klubben i bl\u00e5sigt, kallt v\u00e4der.<br \/>\nMedlemmar kom ut &#8211; fiskar kom upp.<\/h5>\n<p>[\/vc_column_text][vc_media_grid element_width=&#8221;3&#8243; grid_id=&#8221;vc_gid:1772718728907-de2af2e33aafccfaf54b8bb43342bc10-3&#8243; include=&#8221;17097,17094,17095,17096&#8243;][\/vc_column_inner][\/vc_row_inner][\/vc_column][\/vc_row][vc_row full_width=&#8221;stretch_row&#8221; gap=&#8221;35&#8243; equal_height=&#8221;yes&#8221; css=&#8221;.vc_custom_1654851096730{padding-top: 7.5em !important;padding-bottom: 8.5em !important;background-image: url(http:\/\/fishing-club.ancorathemes.com\/wp-content\/uploads\/2016\/10\/Layer-13.jpg?id=675) !important;background-position: center !important;background-repeat: no-repeat !important;background-size: cover !important;}&#8221;][vc_column width=&#8221;1\/3&#8243;][\/vc_column][vc_column width=&#8221;1\/3&#8243; offset=&#8221;vc_col-lg-3 vc_col-md-3 vc_col-xs-6&#8243; css=&#8221;.vc_custom_1765285984614{padding-bottom: 1em !important;}&#8221;][vc_single_image image=&#8221;16995&#8243; img_size=&#8221;full&#8221; onclick=&#8221;custom_link&#8221; img_link_target=&#8221;_blank&#8221; link=&#8221;https:\/\/nybroan.laxportalen.se&#8221; css=&#8221;.vc_custom_1765286044542{margin-bottom: 1em !important;}&#8221;][vc_column_text]<\/p>\n<h6 class=\"trx_addons_no_margins\" style=\"text-align: center;\"><a href=\"https:\/\/nybroan.laxportalen.se\">K\u00d6P FISKEKORT ONLINE!<\/a><\/h6>\n<p>[\/vc_column_text][\/vc_column][vc_column width=&#8221;1\/3&#8243; offset=&#8221;vc_col-lg-3 vc_col-md-3 vc_col-xs-6&#8243; css=&#8221;.vc_custom_1477990312060{padding-bottom: 2em !important;}&#8221;][\/vc_column][\/vc_row][vc_row css=&#8221;.vc_custom_1765287874119{margin-top: -8.4em !important;margin-bottom: 2em !important;}&#8221;][vc_column css=&#8221;.vc_custom_1477927046273{padding-top: 11em !important;}&#8221; offset=&#8221;vc_col-lg-6 vc_col-md-12 vc_col-xs-12&#8243;][vc_column_text css_animation=&#8221;top-to-bottom&#8221;]<\/p>\n<h2>Havs\u00f6ringens fortplantning<\/h2>\n<p>Nybro\u00e5n \u00e4r ett av Sveriges fr\u00e4msta vatten f\u00f6r havs\u00f6ringens fortplantning.<br \/>\nNybro\u00e5n f\u00f6rvaltas av Ystadortens Fiskev\u00e5rds- och Sportfiskef\u00f6rening.[\/vc_column_text][\/vc_column][vc_column offset=&#8221;vc_col-lg-6 vc_col-md-12&#8243;][vc_single_image image=&#8221;1353&#8243; img_size=&#8221;full&#8221; alignment=&#8221;center&#8221; css_animation=&#8221;right-to-left&#8221;][\/vc_column][\/vc_row][vc_row full_width=&#8221;stretch_row&#8221; css=&#8221;.vc_custom_1477990657418{padding-top: 4.4em !important;padding-bottom: 2.4em !important;background-color: #f5f3e5 !important;background-position: center !important;background-repeat: no-repeat !important;background-size: cover !important;}&#8221;][vc_column width=&#8221;1\/3&#8243; css=&#8221;.vc_custom_1477990664367{padding-bottom: 2em !important;}&#8221;][vc_single_image image=&#8221;1383&#8243; img_size=&#8221;full&#8221; css=&#8221;.vc_custom_1670487131447{margin-bottom: 2.3em !important;}&#8221;][vc_column_text]<\/p>\n<h5 style=\"color: #093a54;\">V\u00e5rfiske<\/h5>\n<p>Kortfisket b\u00f6rjar i <b>februari<\/b> och p\u00e5g\u00e5r sedan <b>onsdag-s\u00f6ndag<\/b> till 14:e september. Havs\u00f6ringsfisket \u00e4r som b\u00e4st under senvintern\/tidig v\u00e5r. I Maj \u00e4r specimenfiske till\u00e5tet. Fiskekort finns att k\u00f6pa hos fiskekort.se[\/vc_column_text][\/vc_column][vc_column width=&#8221;1\/3&#8243; css=&#8221;.vc_custom_1477990667631{padding-bottom: 2em !important;}&#8221;][vc_single_image image=&#8221;1378&#8243; img_size=&#8221;full&#8221; css=&#8221;.vc_custom_1670485535074{margin-bottom: 2.3em !important;}&#8221;][vc_column_text]<\/p>\n<h5 style=\"color: #093a54;\">Sommarfiske<\/h5>\n<p>Sommarfisket p\u00e5g\u00e5r <b>1:a juni tom 14:e augusti<\/b> och kostar 30 kr per dag. Under denna tid f\u00e5ngas fr\u00e4mst g\u00e4dda och abborre, men \u00e4ven id, brax och m\u00f6rt. Under sommarfisket kan <b>Familjekort<\/b> k\u00f6pas. Det g\u00e4ller f\u00f6r 1 vuxen och 2 barn (under 12 \u00e5r) och kostar 60 kr per dag. Sommarkort s\u00e4ljs m\u00e5ndag-l\u00f6rdag i <a href=\"http:\/\/www.fiskeosportboden.se\/\" target=\"_blank\" rel=\"noopener\">Fiske &amp; Uteliv (numera p\u00e5 Drottning Margarethas v\u00e4g 2)<\/a> och p\u00e5 s\u00f6ndagar via H\u00e5kan Clausson 070 67 02 956.[\/vc_column_text][\/vc_column][vc_column width=&#8221;1\/3&#8243; css=&#8221;.vc_custom_1477990670742{padding-bottom: 2em !important;}&#8221;][vc_single_image image=&#8221;1380&#8243; img_size=&#8221;full&#8221; css=&#8221;.vc_custom_1670485379686{margin-bottom: 2.3em !important;}&#8221;][vc_column_text]<\/p>\n<h5 style=\"color: #093a54;\">H\u00f6stfiske<\/h5>\n<p>H\u00f6stfisket p\u00e5g\u00e5r <b>15 augusti tom 14 september<\/b> och kostar 350 kr per dag. Vid h\u00f6g vattenniv\u00e5 f\u00e5ngas en del havs\u00f6ring under denna period[\/vc_column_text][\/vc_column][\/vc_row][vc_row full_width=&#8221;stretch_row&#8221; css=&#8221;.vc_custom_1670526249343{padding-top: 11.5em !important;padding-bottom: 11.5em !important;background-image: url(http:\/\/www.nybroan.se\/wp-content\/uploads\/2022\/12\/166007284_197275178866319_2639308551423517430_n.jpg?id=1390) !important;background-position: center !important;background-repeat: no-repeat !important;background-size: cover !important;}&#8221;][vc_column width=&#8221;1\/2&#8243;][vc_column_text css_animation=&#8221;top-to-bottom&#8221;]<\/p>\n<h1 style=\"line-height: 1.2em; margin-bottom: 18px;\"><span style=\"color: #ffffff;\">Fiskekort f\u00f6r 2026!<\/span><\/h1>\n<p style=\"color: #ffffff; font-size: 1.2em; line-height: 1.733em;\">.<\/p>\n<p>[\/vc_column_text]<div class=\"sc_item_button sc_button_wrap\"><a href=\"https:\/\/nybroan.laxportalen.se\"\n\t id=\"sc_button_1661381061\" \n\tclass=\"sc_button sc_button_default  vc_custom_1675009086059 sc_button_size_large sc_button_icon_left\"\n\t\t><span class=\"sc_button_text\"><span class=\"sc_button_title\">K\u00f6p h\u00e4r<\/span><\/span><!-- \/.sc_button_text --><\/a><!-- \/.sc_button --><\/div><!-- \/.sc_item_button -->[\/vc_column][vc_column width=&#8221;1\/2&#8243;]<div id=\"widget_video_1979028644\" class=\"widget_area sc_widget_video vc_widget_video wpb_content_element\"><\/div>[\/vc_column][\/vc_row][vc_row equal_height=&#8221;yes&#8221; css=&#8221;.vc_custom_1765374211987{margin-top: 4.1em !important;margin-bottom: 2em !important;padding-top: 2.5em !important;padding-right: 4.4em !important;padding-bottom: 2em !important;padding-left: 4.4em !important;background-image: url(http:\/\/fishing-club.ancorathemes.com\/wp-content\/uploads\/2016\/10\/bg_count.jpg?id=348) !important;background-position: center !important;background-repeat: no-repeat !important;background-size: cover !important;}&#8221;][vc_column width=&#8221;1\/2&#8243; offset=&#8221;vc_col-lg-4&#8243;][vc_column_text]<\/p>\n<h4><span style=\"color: #ffffff;\">V\u00e5rfiske<\/span><\/h4>\n<h6 style=\"margin-top: 0;\"><span style=\"color: #ffffff;\">Kortfisket b\u00f6rjar i februari och p\u00e5g\u00e5r sedan onsdag-s\u00f6ndag till 14 september.<\/span><\/h6>\n<p>[\/vc_column_text][\/vc_column][vc_column width=&#8221;1\/2&#8243; offset=&#8221;vc_col-lg-4&#8243;][\/vc_column][vc_column width=&#8221;1\/2&#8243; offset=&#8221;vc_col-lg-4&#8243;][\/vc_column][\/vc_row][vc_row full_width=&#8221;stretch_row_content_no_spaces&#8221;][vc_column]<div id=\"sc_googlemap_802270706_wrap\" class=\"sc_googlemap_wrap\"><div id=\"sc_googlemap_802270706\"\n\t\t\tclass=\"sc_googlemap sc_googlemap_default\"\n\t\t\t style=\"width:100%;height:479px;\"\t\t\tdata-zoom=\"14\"\n\t\t\tdata-style=\"dark\"\n    ><iframe\n                src=\"https:\/\/maps.google.com\/maps?t=m&output=embed&iwloc=near&z=14&q=Vilhelmslundsv%C3%A4gen+1+Ystad\"\n                scrolling=\"no\"\n                marginheight=\"0\"\n                marginwidth=\"0\"\n                frameborder=\"0\"\n                aria-label=\"One\"><\/iframe><\/div><\/div><!-- \/.sc_googlemap_wrap -->[\/vc_column][\/vc_row]<\/p>\n","protected":false},"excerpt":{"rendered":"<p>[vc_row][vc_column][vc_row_inner][vc_column_inner][vc_column_text css=&#8221;.vc_custom_1767444110256{margin-top: 4em !important;margin-bottom: 2em !important;}&#8221;] Premi\u00e4rfiske f\u00f6r klubben i bl\u00e5sigt, kallt v\u00e4der. Medlemmar kom ut &#8211; fiskar kom upp. [\/vc_column_text][vc_media_grid element_width=&#8221;3&#8243; grid_id=&#8221;vc_gid:1772718728907-de2af2e33aafccfaf54b8bb43342bc10-3&#8243; include=&#8221;17097,17094,17095,17096&#8243;][\/vc_column_inner][\/vc_row_inner][\/vc_column][\/vc_row][vc_row full_width=&#8221;stretch_row&#8221; gap=&#8221;35&#8243; equal_height=&#8221;yes&#8221; css=&#8221;.vc_custom_1654851096730{padding-top: 7.5em !important;padding-bottom: 8.5em !important;background-image: url(http:\/\/fishing-club.ancorathemes.com\/wp-content\/uploads\/2016\/10\/Layer-13.jpg?id=675) !important;background-position: center !important;background-repeat: no-repeat !important;background-size: cover !important;}&#8221;][vc_column width=&#8221;1\/3&#8243;][\/vc_column][vc_column width=&#8221;1\/3&#8243; offset=&#8221;vc_col-lg-3 vc_col-md-3 vc_col-xs-6&#8243; css=&#8221;.vc_custom_1765285984614{padding-bottom: 1em !important;}&#8221;][vc_single_image image=&#8221;16995&#8243; img_size=&#8221;full&#8221; onclick=&#8221;custom_link&#8221; img_link_target=&#8221;_blank&#8221; link=&#8221;https:\/\/nybroan.laxportalen.se&#8221; css=&#8221;.vc_custom_1765286044542{margin-bottom: 1em !important;}&#8221;][vc_column_text] K\u00d6P FISKEKORT ONLINE! [\/vc_column_text][\/vc_column][vc_column&hellip;<\/p>\n","protected":false},"author":1,"featured_media":0,"parent":0,"menu_order":0,"comment_status":"closed","ping_status":"closed","template":"","meta":{"footnotes":""},"class_list":["post-332","page","type-page","status-publish","hentry"],"_links":{"self":[{"href":"https:\/\/www.nybroan.se\/index.php?rest_route=\/wp\/v2\/pages\/332","targetHints":{"allow":["GET"]}}],"collection":[{"href":"https:\/\/www.nybroan.se\/index.php?rest_route=\/wp\/v2\/pages"}],"about":[{"href":"https:\/\/www.nybroan.se\/index.php?rest_route=\/wp\/v2\/types\/page"}],"author":[{"embeddable":true,"href":"https:\/\/www.nybroan.se\/index.php?rest_route=\/wp\/v2\/users\/1"}],"replies":[{"embeddable":true,"href":"https:\/\/www.nybroan.se\/index.php?rest_route=%2Fwp%2Fv2%2Fcomments&post=332"}],"version-history":[{"count":69,"href":"https:\/\/www.nybroan.se\/index.php?rest_route=\/wp\/v2\/pages\/332\/revisions"}],"predecessor-version":[{"id":17106,"href":"https:\/\/www.nybroan.se\/index.php?rest_route=\/wp\/v2\/pages\/332\/revisions\/17106"}],"wp:attachment":[{"href":"https:\/\/www.nybroan.se\/index.php?rest_route=%2Fwp%2Fv2%2Fmedia&parent=332"}],"curies":[{"name":"wp","href":"https:\/\/api.w.org\/{rel}","templated":true}]}}